{"id":99963,"date":"2025-11-10T14:50:04","date_gmt":"2025-11-10T19:50:04","guid":{"rendered":"https:\/\/www.depanneurrapido.com\/produit\/derive-tropicalins\/"},"modified":"2026-04-17T04:30:45","modified_gmt":"2026-04-17T08:30:45","slug":"derive-tropicalins","status":"publish","type":"product","link":"https:\/\/www.depanneurrapido.com\/en\/produit\/derive-tropicalins\/","title":{"rendered":"D\u00e9rive Tropic\u00e2lins"},"content":{"rendered":"<p>Fournisseur : A La D\u00e9rive<\/p>\n","protected":false},"excerpt":{"rendered":"<p>Fournisseur : A La D\u00e9rive<\/p>\n","protected":false},"featured_media":0,"template":"","meta":{"_acf_changed":false,"_seopress_robots_primary_cat":"","_seopress_titles_title":"","_seopress_titles_desc":"","_seopress_robots_index":""},"product_cat":[397],"product_tag":[],"class_list":["post-99963","product","type-product","status-publish","hentry","product_cat-a-la-derive"],"acf":[],"_links":{"self":[{"href":"https:\/\/www.depanneurrapido.com\/en\/wp-json\/wp\/v2\/product\/99963","targetHints":{"allow":["GET"]}}],"collection":[{"href":"https:\/\/www.depanneurrapido.com\/en\/wp-json\/wp\/v2\/product"}],"about":[{"href":"https:\/\/www.depanneurrapido.com\/en\/wp-json\/wp\/v2\/types\/product"}],"wp:attachment":[{"href":"https:\/\/www.depanneurrapido.com\/en\/wp-json\/wp\/v2\/media?parent=99963"}],"wp:term":[{"taxonomy":"product_cat","embeddable":true,"href":"https:\/\/www.depanneurrapido.com\/en\/wp-json\/wp\/v2\/product_cat?post=99963"},{"taxonomy":"product_tag","embeddable":true,"href":"https:\/\/www.depanneurrapido.com\/en\/wp-json\/wp\/v2\/product_tag?post=99963"}],"curies":[{"name":"wp","href":"https:\/\/api.w.org\/{rel}","templated":true}]}}