{"id":97710,"date":"2025-01-16T11:06:44","date_gmt":"2025-01-16T16:06:44","guid":{"rendered":"https:\/\/www.depanneurrapido.com\/produit\/fut-grosse-bete-noire\/"},"modified":"2026-04-16T16:40:39","modified_gmt":"2026-04-16T20:40:39","slug":"fut-grosse-bete-noire","status":"publish","type":"product","link":"https:\/\/www.depanneurrapido.com\/en\/produit\/fut-grosse-bete-noire\/","title":{"rendered":"F\u00fbt Grosse B\u00eate Noire"},"content":{"rendered":"<p>Fournisseur : A La F\u00fbt<\/p>\n","protected":false},"excerpt":{"rendered":"<p>Fournisseur : A La F\u00fbt<\/p>\n","protected":false},"featured_media":0,"template":"","meta":{"_acf_changed":false,"_seopress_robots_primary_cat":"","_seopress_titles_title":"","_seopress_titles_desc":"","_seopress_robots_index":""},"product_cat":[536],"product_tag":[],"class_list":["post-97710","product","type-product","status-publish","hentry","product_cat-a-la-fut"],"acf":[],"_links":{"self":[{"href":"https:\/\/www.depanneurrapido.com\/en\/wp-json\/wp\/v2\/product\/97710","targetHints":{"allow":["GET"]}}],"collection":[{"href":"https:\/\/www.depanneurrapido.com\/en\/wp-json\/wp\/v2\/product"}],"about":[{"href":"https:\/\/www.depanneurrapido.com\/en\/wp-json\/wp\/v2\/types\/product"}],"wp:attachment":[{"href":"https:\/\/www.depanneurrapido.com\/en\/wp-json\/wp\/v2\/media?parent=97710"}],"wp:term":[{"taxonomy":"product_cat","embeddable":true,"href":"https:\/\/www.depanneurrapido.com\/en\/wp-json\/wp\/v2\/product_cat?post=97710"},{"taxonomy":"product_tag","embeddable":true,"href":"https:\/\/www.depanneurrapido.com\/en\/wp-json\/wp\/v2\/product_tag?post=97710"}],"curies":[{"name":"wp","href":"https:\/\/api.w.org\/{rel}","templated":true}]}}