{"id":97660,"date":"2025-01-16T11:06:41","date_gmt":"2025-01-16T16:06:41","guid":{"rendered":"https:\/\/www.depanneurrapido.com\/produit\/fut-british-erable\/"},"modified":"2026-04-14T04:40:39","modified_gmt":"2026-04-14T08:40:39","slug":"fut-british-erable","status":"publish","type":"product","link":"https:\/\/www.depanneurrapido.com\/en\/produit\/fut-british-erable\/","title":{"rendered":"F\u00fbt British \u00c9rable"},"content":{"rendered":"<p>Fournisseur : A La F\u00fbt<\/p>\n","protected":false},"excerpt":{"rendered":"<p>Fournisseur : A La F\u00fbt<\/p>\n","protected":false},"featured_media":0,"template":"","meta":{"_acf_changed":false,"_seopress_robots_primary_cat":"","_seopress_titles_title":"","_seopress_titles_desc":"","_seopress_robots_index":""},"product_cat":[536],"product_tag":[],"class_list":["post-97660","product","type-product","status-publish","hentry","product_cat-a-la-fut"],"acf":[],"_links":{"self":[{"href":"https:\/\/www.depanneurrapido.com\/en\/wp-json\/wp\/v2\/product\/97660","targetHints":{"allow":["GET"]}}],"collection":[{"href":"https:\/\/www.depanneurrapido.com\/en\/wp-json\/wp\/v2\/product"}],"about":[{"href":"https:\/\/www.depanneurrapido.com\/en\/wp-json\/wp\/v2\/types\/product"}],"wp:attachment":[{"href":"https:\/\/www.depanneurrapido.com\/en\/wp-json\/wp\/v2\/media?parent=97660"}],"wp:term":[{"taxonomy":"product_cat","embeddable":true,"href":"https:\/\/www.depanneurrapido.com\/en\/wp-json\/wp\/v2\/product_cat?post=97660"},{"taxonomy":"product_tag","embeddable":true,"href":"https:\/\/www.depanneurrapido.com\/en\/wp-json\/wp\/v2\/product_tag?post=97660"}],"curies":[{"name":"wp","href":"https:\/\/api.w.org\/{rel}","templated":true}]}}