{"id":97632,"date":"2025-01-16T11:06:40","date_gmt":"2025-01-16T16:06:40","guid":{"rendered":"https:\/\/www.depanneurrapido.com\/produit\/lievre-25ieme\/"},"modified":"2026-03-10T10:40:43","modified_gmt":"2026-03-10T14:40:43","slug":"lievre-25ieme","status":"publish","type":"product","link":"https:\/\/www.depanneurrapido.com\/en\/produit\/lievre-25ieme\/","title":{"rendered":"Li\u00e8vre 25i\u00e8me"},"content":{"rendered":"<p>Fournisseur : Micro Du Li\u00e8vre<\/p>\n","protected":false},"excerpt":{"rendered":"<p>Fournisseur : Micro Du Li\u00e8vre<\/p>\n","protected":false},"featured_media":0,"template":"","meta":{"_acf_changed":false,"_seopress_robots_primary_cat":"","_seopress_titles_title":"","_seopress_titles_desc":"","_seopress_robots_index":""},"product_cat":[535],"product_tag":[],"class_list":["post-97632","product","type-product","status-publish","hentry","product_cat-micro-du-lievre"],"acf":[],"_links":{"self":[{"href":"https:\/\/www.depanneurrapido.com\/en\/wp-json\/wp\/v2\/product\/97632","targetHints":{"allow":["GET"]}}],"collection":[{"href":"https:\/\/www.depanneurrapido.com\/en\/wp-json\/wp\/v2\/product"}],"about":[{"href":"https:\/\/www.depanneurrapido.com\/en\/wp-json\/wp\/v2\/types\/product"}],"wp:attachment":[{"href":"https:\/\/www.depanneurrapido.com\/en\/wp-json\/wp\/v2\/media?parent=97632"}],"wp:term":[{"taxonomy":"product_cat","embeddable":true,"href":"https:\/\/www.depanneurrapido.com\/en\/wp-json\/wp\/v2\/product_cat?post=97632"},{"taxonomy":"product_tag","embeddable":true,"href":"https:\/\/www.depanneurrapido.com\/en\/wp-json\/wp\/v2\/product_tag?post=97632"}],"curies":[{"name":"wp","href":"https:\/\/api.w.org\/{rel}","templated":true}]}}