{"id":97610,"date":"2025-01-16T11:06:39","date_gmt":"2025-01-16T16:06:39","guid":{"rendered":"https:\/\/www.depanneurrapido.com\/produit\/lievre-blonde-d-ethe\/"},"modified":"2026-04-16T22:40:39","modified_gmt":"2026-04-17T02:40:39","slug":"lievre-blonde-d-ethe","status":"publish","type":"product","link":"https:\/\/www.depanneurrapido.com\/en\/produit\/lievre-blonde-d-ethe\/","title":{"rendered":"Li\u00e8vre Blonde D&#8217; \u00c9th\u00e9"},"content":{"rendered":"<p>Fournisseur : Micro Du Li\u00e8vre<\/p>\n","protected":false},"excerpt":{"rendered":"<p>Fournisseur : Micro Du Li\u00e8vre<\/p>\n","protected":false},"featured_media":0,"template":"","meta":{"_acf_changed":false,"_seopress_robots_primary_cat":"","_seopress_titles_title":"","_seopress_titles_desc":"","_seopress_robots_index":""},"product_cat":[535],"product_tag":[],"class_list":["post-97610","product","type-product","status-publish","hentry","product_cat-micro-du-lievre"],"acf":[],"_links":{"self":[{"href":"https:\/\/www.depanneurrapido.com\/en\/wp-json\/wp\/v2\/product\/97610","targetHints":{"allow":["GET"]}}],"collection":[{"href":"https:\/\/www.depanneurrapido.com\/en\/wp-json\/wp\/v2\/product"}],"about":[{"href":"https:\/\/www.depanneurrapido.com\/en\/wp-json\/wp\/v2\/types\/product"}],"wp:attachment":[{"href":"https:\/\/www.depanneurrapido.com\/en\/wp-json\/wp\/v2\/media?parent=97610"}],"wp:term":[{"taxonomy":"product_cat","embeddable":true,"href":"https:\/\/www.depanneurrapido.com\/en\/wp-json\/wp\/v2\/product_cat?post=97610"},{"taxonomy":"product_tag","embeddable":true,"href":"https:\/\/www.depanneurrapido.com\/en\/wp-json\/wp\/v2\/product_tag?post=97610"}],"curies":[{"name":"wp","href":"https:\/\/api.w.org\/{rel}","templated":true}]}}