{"id":97345,"date":"2025-01-16T11:06:13","date_gmt":"2025-01-16T16:06:13","guid":{"rendered":"https:\/\/www.depanneurrapido.com\/produit\/derive-begon\/"},"modified":"2026-04-03T16:30:40","modified_gmt":"2026-04-03T20:30:40","slug":"derive-begon","status":"publish","type":"product","link":"https:\/\/www.depanneurrapido.com\/en\/produit\/derive-begon\/","title":{"rendered":"D\u00e9rive B\u00e9gon"},"content":{"rendered":"<p>Fournisseur : A La D\u00e9rive<\/p>\n","protected":false},"excerpt":{"rendered":"<p>Fournisseur : A La D\u00e9rive<\/p>\n","protected":false},"featured_media":0,"template":"","meta":{"_acf_changed":false,"_seopress_robots_primary_cat":"","_seopress_titles_title":"","_seopress_titles_desc":"","_seopress_robots_index":""},"product_cat":[397],"product_tag":[],"class_list":["post-97345","product","type-product","status-publish","hentry","product_cat-a-la-derive"],"acf":[],"_links":{"self":[{"href":"https:\/\/www.depanneurrapido.com\/en\/wp-json\/wp\/v2\/product\/97345","targetHints":{"allow":["GET"]}}],"collection":[{"href":"https:\/\/www.depanneurrapido.com\/en\/wp-json\/wp\/v2\/product"}],"about":[{"href":"https:\/\/www.depanneurrapido.com\/en\/wp-json\/wp\/v2\/types\/product"}],"wp:attachment":[{"href":"https:\/\/www.depanneurrapido.com\/en\/wp-json\/wp\/v2\/media?parent=97345"}],"wp:term":[{"taxonomy":"product_cat","embeddable":true,"href":"https:\/\/www.depanneurrapido.com\/en\/wp-json\/wp\/v2\/product_cat?post=97345"},{"taxonomy":"product_tag","embeddable":true,"href":"https:\/\/www.depanneurrapido.com\/en\/wp-json\/wp\/v2\/product_tag?post=97345"}],"curies":[{"name":"wp","href":"https:\/\/api.w.org\/{rel}","templated":true}]}}