{"id":96037,"date":"2025-01-16T11:04:56","date_gmt":"2025-01-16T16:04:56","guid":{"rendered":"https:\/\/www.depanneurrapido.com\/produit\/bg-s-i-r-popov-cafe\/"},"modified":"2026-04-14T22:35:41","modified_gmt":"2026-04-15T02:35:41","slug":"bg-s-i-r-popov-cafe","status":"publish","type":"product","link":"https:\/\/www.depanneurrapido.com\/en\/produit\/bg-s-i-r-popov-cafe\/","title":{"rendered":"BG S.I.R Popov Caf\u00e9"},"content":{"rendered":"<p>Fournisseur : Brasserie G\u00e9n\u00e9rale<\/p>\n","protected":false},"excerpt":{"rendered":"<p>Fournisseur : Brasserie G\u00e9n\u00e9rale<\/p>\n","protected":false},"featured_media":0,"template":"","meta":{"_acf_changed":false,"_seopress_robots_primary_cat":"","_seopress_titles_title":"","_seopress_titles_desc":"","_seopress_robots_index":""},"product_cat":[518],"product_tag":[],"class_list":["post-96037","product","type-product","status-publish","hentry","product_cat-brasserie-generale"],"acf":[],"_links":{"self":[{"href":"https:\/\/www.depanneurrapido.com\/en\/wp-json\/wp\/v2\/product\/96037","targetHints":{"allow":["GET"]}}],"collection":[{"href":"https:\/\/www.depanneurrapido.com\/en\/wp-json\/wp\/v2\/product"}],"about":[{"href":"https:\/\/www.depanneurrapido.com\/en\/wp-json\/wp\/v2\/types\/product"}],"wp:attachment":[{"href":"https:\/\/www.depanneurrapido.com\/en\/wp-json\/wp\/v2\/media?parent=96037"}],"wp:term":[{"taxonomy":"product_cat","embeddable":true,"href":"https:\/\/www.depanneurrapido.com\/en\/wp-json\/wp\/v2\/product_cat?post=96037"},{"taxonomy":"product_tag","embeddable":true,"href":"https:\/\/www.depanneurrapido.com\/en\/wp-json\/wp\/v2\/product_tag?post=96037"}],"curies":[{"name":"wp","href":"https:\/\/api.w.org\/{rel}","templated":true}]}}