{"id":95106,"date":"2025-01-16T11:04:08","date_gmt":"2025-01-16T16:04:08","guid":{"rendered":"https:\/\/www.depanneurrapido.com\/produit\/depar-pilsner-capharnaum\/"},"modified":"2026-04-17T10:30:40","modified_gmt":"2026-04-17T14:30:40","slug":"depar-pilsner-capharnaum","status":"publish","type":"product","link":"https:\/\/www.depanneurrapido.com\/en\/produit\/depar-pilsner-capharnaum\/","title":{"rendered":"D\u00e9par.Pilsner Capharnaum"},"content":{"rendered":"<p>Fournisseur : Brasserie D\u00e9pareill\u00e9e<\/p>\n","protected":false},"excerpt":{"rendered":"<p>Fournisseur : Brasserie D\u00e9pareill\u00e9e<\/p>\n","protected":false},"featured_media":0,"template":"","meta":{"_acf_changed":false,"_seopress_robots_primary_cat":"","_seopress_titles_title":"","_seopress_titles_desc":"","_seopress_robots_index":""},"product_cat":[491],"product_tag":[],"class_list":["post-95106","product","type-product","status-publish","hentry","product_cat-brasserie-depareillee"],"acf":[],"_links":{"self":[{"href":"https:\/\/www.depanneurrapido.com\/en\/wp-json\/wp\/v2\/product\/95106","targetHints":{"allow":["GET"]}}],"collection":[{"href":"https:\/\/www.depanneurrapido.com\/en\/wp-json\/wp\/v2\/product"}],"about":[{"href":"https:\/\/www.depanneurrapido.com\/en\/wp-json\/wp\/v2\/types\/product"}],"wp:attachment":[{"href":"https:\/\/www.depanneurrapido.com\/en\/wp-json\/wp\/v2\/media?parent=95106"}],"wp:term":[{"taxonomy":"product_cat","embeddable":true,"href":"https:\/\/www.depanneurrapido.com\/en\/wp-json\/wp\/v2\/product_cat?post=95106"},{"taxonomy":"product_tag","embeddable":true,"href":"https:\/\/www.depanneurrapido.com\/en\/wp-json\/wp\/v2\/product_tag?post=95106"}],"curies":[{"name":"wp","href":"https:\/\/api.w.org\/{rel}","templated":true}]}}