{"id":91621,"date":"2025-01-16T11:01:09","date_gmt":"2025-01-16T16:01:09","guid":{"rendered":"https:\/\/www.depanneurrapido.com\/produit\/boitedecouv-feteperesclassique\/"},"modified":"2026-04-17T22:15:50","modified_gmt":"2026-04-18T02:15:50","slug":"boitedecouv-feteperesclassique","status":"publish","type":"product","link":"https:\/\/www.depanneurrapido.com\/en\/produit\/boitedecouv-feteperesclassique\/","title":{"rendered":"Bo\u00eeteD\u00e9couv.F\u00eateP\u00e8resClassique"},"content":{"rendered":"<p>Fournisseur : Autres<\/p>\n","protected":false},"excerpt":{"rendered":"<p>Fournisseur : Autres<\/p>\n","protected":false},"featured_media":0,"template":"","meta":{"_acf_changed":false,"_seopress_robots_primary_cat":"","_seopress_titles_title":"","_seopress_titles_desc":"","_seopress_robots_index":""},"product_cat":[389],"product_tag":[],"class_list":["post-91621","product","type-product","status-publish","hentry","product_cat-autres"],"acf":[],"_links":{"self":[{"href":"https:\/\/www.depanneurrapido.com\/en\/wp-json\/wp\/v2\/product\/91621","targetHints":{"allow":["GET"]}}],"collection":[{"href":"https:\/\/www.depanneurrapido.com\/en\/wp-json\/wp\/v2\/product"}],"about":[{"href":"https:\/\/www.depanneurrapido.com\/en\/wp-json\/wp\/v2\/types\/product"}],"wp:attachment":[{"href":"https:\/\/www.depanneurrapido.com\/en\/wp-json\/wp\/v2\/media?parent=91621"}],"wp:term":[{"taxonomy":"product_cat","embeddable":true,"href":"https:\/\/www.depanneurrapido.com\/en\/wp-json\/wp\/v2\/product_cat?post=91621"},{"taxonomy":"product_tag","embeddable":true,"href":"https:\/\/www.depanneurrapido.com\/en\/wp-json\/wp\/v2\/product_tag?post=91621"}],"curies":[{"name":"wp","href":"https:\/\/api.w.org\/{rel}","templated":true}]}}