{"id":104877,"date":"2026-02-04T16:30:18","date_gmt":"2026-02-04T21:30:18","guid":{"rendered":"https:\/\/www.depanneurrapido.com\/produit\/derive-neo-zoulou\/"},"modified":"2026-04-08T04:30:44","modified_gmt":"2026-04-08T08:30:44","slug":"derive-neo-zoulou","status":"publish","type":"product","link":"https:\/\/www.depanneurrapido.com\/en\/produit\/derive-neo-zoulou\/","title":{"rendered":"D\u00e9rive N\u00e9o-Zoulou"},"content":{"rendered":"<p>Fournisseur : A La D\u00e9rive<\/p>\n","protected":false},"excerpt":{"rendered":"<p>Fournisseur : A La D\u00e9rive<\/p>\n","protected":false},"featured_media":0,"template":"","meta":{"_acf_changed":false,"_seopress_robots_primary_cat":"none","_seopress_titles_title":"","_seopress_titles_desc":"","_seopress_robots_index":""},"product_cat":[397],"product_tag":[],"class_list":["post-104877","product","type-product","status-publish","hentry","product_cat-a-la-derive"],"acf":[],"_links":{"self":[{"href":"https:\/\/www.depanneurrapido.com\/en\/wp-json\/wp\/v2\/product\/104877","targetHints":{"allow":["GET"]}}],"collection":[{"href":"https:\/\/www.depanneurrapido.com\/en\/wp-json\/wp\/v2\/product"}],"about":[{"href":"https:\/\/www.depanneurrapido.com\/en\/wp-json\/wp\/v2\/types\/product"}],"wp:attachment":[{"href":"https:\/\/www.depanneurrapido.com\/en\/wp-json\/wp\/v2\/media?parent=104877"}],"wp:term":[{"taxonomy":"product_cat","embeddable":true,"href":"https:\/\/www.depanneurrapido.com\/en\/wp-json\/wp\/v2\/product_cat?post=104877"},{"taxonomy":"product_tag","embeddable":true,"href":"https:\/\/www.depanneurrapido.com\/en\/wp-json\/wp\/v2\/product_tag?post=104877"}],"curies":[{"name":"wp","href":"https:\/\/api.w.org\/{rel}","templated":true}]}}