{"id":53348,"date":"2022-05-30T15:45:58","date_gmt":"2022-05-30T19:45:58","guid":{"rendered":"https:\/\/www.depanneurrapido.com\/?page_id=53348"},"modified":"2025-12-08T15:00:15","modified_gmt":"2025-12-08T20:00:15","slug":"grocery","status":"publish","type":"page","link":"https:\/\/www.depanneurrapido.com\/en\/grocery\/","title":{"rendered":"Grocery"},"content":{"rendered":"<div class=\"wpb-content-wrapper\"><p>[vc_row equal_height=&#8221;yes&#8221; type=&#8221;full_width&#8221; text_align=&#8221;inherit&#8221; el_class=&#8221;epicerie-row&#8221;][vc_column el_class=&#8221;vc_col-md-push-6 padding-50&#8243; offset=&#8221;vc_col-lg-6 vc_col-md-6&#8243;][vc_column_text]<\/p>\n<h2>Produits alcoolis\u00e9es<\/h2>\n<p>[\/vc_column_text][vc_row_inner type=&#8221;full_width&#8221; text_align=&#8221;inherit&#8221; el_class=&#8221;padding-b-50&#8243;][vc_column_inner][vc_column_text]<\/p>\n<h3>Bi\u00e8res<\/h3>\n<p>[\/vc_column_text][vc_column_text]<\/p>\n<h4>Osez la blonde! La rousse! La brune!&#8230; Bref, celle que vous pr\u00e9f\u00e9r\u00e9!<\/h4>\n<p>[\/vc_column_text][vc_column_text]Chez D\u00e9panneur Rapido, vous y trouvez plus de 500 sortes de bi\u00e8res. Des plus populaires au plus sp\u00e9cialis\u00e9es en passant des microbrasseries qu\u00e9b\u00e9coises aux import\u00e9es. Tout cela au plus bas prix sur le march\u00e9. Le sp\u00e9cialiste des prix de bi\u00e8res vous donne une autre bonne raison de f\u00eater!<\/p>\n<p><strong>Sant\u00e9!<\/strong>[\/vc_column_text][\/vc_column_inner][\/vc_row_inner][vc_row_inner type=&#8221;full_width&#8221; text_align=&#8221;inherit&#8221; el_class=&#8221;padding-b-50&#8243;][vc_column_inner][vc_column_text]<\/p>\n<h3>Vins<\/h3>\n<p>[\/vc_column_text][vc_column_text]<\/p>\n<h4>Nos vins sont divins!<\/h4>\n<p>[\/vc_column_text][vc_column_text]Des grands classiques jusqu\u2019au appellation d\u2019origine contr\u00f4l\u00e9e (AOC), vous en verrez de toutes les couleurs, venant de diff\u00e9rents pays. Alors, venez faire un `toast\u2019 au Rapido.<\/p>\n<p><strong>Tchin! Tchin!<\/strong>[\/vc_column_text][\/vc_column_inner][\/vc_row_inner][vc_row_inner type=&#8221;full_width&#8221; text_align=&#8221;inherit&#8221;][vc_column_inner][vc_column_text]<\/p>\n<h3>Autres produits<\/h3>\n<p>[\/vc_column_text][vc_column_text]<\/p>\n<h4>Un p\u2019tit drink avec \u00e7a!<\/h4>\n<p>[\/vc_column_text][vc_column_text] Chez d\u00e9panneur Rapido, il n\u2019y a pas que de la bi\u00e8re et du vin. H\u00e9 oui, on vous offre du cidre du Qu\u00e9bec, des spiritueux, des cocktails et d\u2019autres boissons alcoolis\u00e9es \u00e0 base de malt. Il suffit de choisir vos coups de c\u0153ur : Smirnoff, Boris cool, Poppers, Zarroff Vodka, Mojo, Bacardi, Mystique et bien d\u2019autres.<\/p>\n<p>Et que le party commence!!![\/vc_column_text][\/vc_column_inner][\/vc_row_inner][\/vc_column][vc_column el_class=&#8221;vc_col-sm-pull-6 epicerie-img-col&#8221; css=&#8221;.vc_custom_1718808011171{background-image: url(https:\/\/www.depanneurrapido.com\/wp-content\/uploads\/2024\/06\/rapido-produits-alcoolises.jpg?id=60538) !important;}&#8221; offset=&#8221;vc_col-lg-6 vc_col-md-6 vc_hidden-sm vc_hidden-xs&#8221;][\/vc_column][\/vc_row][vc_row equal_height=&#8221;yes&#8221; type=&#8221;full_width&#8221; text_align=&#8221;inherit&#8221; el_class=&#8221;epicerie-row&#8221;][vc_column el_class=&#8221;padding-50&#8243; offset=&#8221;vc_col-lg-6 vc_col-md-6&#8243;][vc_column_text]<\/p>\n<h2>Breuvages<\/h2>\n<p>[\/vc_column_text][vc_row_inner type=&#8221;full_width&#8221; text_align=&#8221;inherit&#8221; el_class=&#8221;padding-b-50&#8243;][vc_column_inner][vc_column_text]<\/p>\n<h3>Lait<\/h3>\n<p>[\/vc_column_text][vc_column_text]<\/p>\n<h4>Si on en parLAIT!<\/h4>\n<p>[\/vc_column_text][vc_column_text]Chez d\u00e9panneur Rapido, jour apr\u00e8s jour, les 4Litres de lait* sont au prix minimum permis par la loi. Sans oublier tout les autres formats : 2L, 1L, 500ml\u2026, ainsi que le lait au chocolat et les diff\u00e9rentes vari\u00e9t\u00e9s de cr\u00e8me qui y sont disponibles.<br \/>\n* 3.25%, 2%, 1% et \u00e9cr\u00e9m\u00e9 Sealtest[\/vc_column_text][\/vc_column_inner][\/vc_row_inner][vc_row_inner type=&#8221;full_width&#8221; text_align=&#8221;inherit&#8221; el_class=&#8221;padding-b-50&#8243;][vc_column_inner][vc_column_text]<\/p>\n<h3>Caf\u00e9<\/h3>\n<p>[\/vc_column_text][vc_column_text]<\/p>\n<h4>Besoin de CAF\u00c9ine!<\/h4>\n<p>[\/vc_column_text][vc_column_text]D\u00e9panneur Rapido vous offre du caf\u00e9 100% qu\u00e9b\u00e9cois pour y savourer chaque goutte. Votre fid\u00e9lit\u00e9 sera payante, car avec la carte caf\u00e9, votre 10e caf\u00e9 sera gratuit.[\/vc_column_text][\/vc_column_inner][\/vc_row_inner][vc_row_inner type=&#8221;full_width&#8221; text_align=&#8221;inherit&#8221; el_class=&#8221;padding-b-50&#8243;][vc_column_inner][vc_column_text]<\/p>\n<h3>Boissons gazeuses<\/h3>\n<p>[\/vc_column_text][vc_column_text]<\/p>\n<h4>Pour que vos papilles vous p\u00e9tillent!<\/h4>\n<p>[\/vc_column_text][vc_column_text]Chez D\u00e9panneur Rapido, vous trouverez les marques les plus populaires dans tous les formats disponibles dans la section r\u00e9frig\u00e9r\u00e9.[\/vc_column_text][\/vc_column_inner][\/vc_row_inner][vc_row_inner type=&#8221;full_width&#8221; text_align=&#8221;inherit&#8221; el_class=&#8221;padding-b-50&#8243;][vc_column_inner][vc_column_text]<\/p>\n<h3>Boissons \u00e9nerg\u00e9tiques et isotoniques<\/h3>\n<p>[\/vc_column_text][vc_column_text]<\/p>\n<h4>Faites le plein d\u2019\u00e9nergie!<\/h4>\n<p>[\/vc_column_text][vc_column_text]Avec plusieurs marques et formats de boissons \u00e9nerg\u00e9tiques et isotoniques chacun d\u2019entre vous trouvera de quoi recharger ses batteries.[\/vc_column_text][\/vc_column_inner][\/vc_row_inner][vc_row_inner type=&#8221;full_width&#8221; text_align=&#8221;inherit&#8221; el_class=&#8221;padding-b-50&#8243;][vc_column_inner][vc_column_text]<\/p>\n<h3>Eau<\/h3>\n<p>[\/vc_column_text][vc_column_text]<\/p>\n<h4>N\u2019EAU fatigue, n\u2019EAU stress!<\/h4>\n<p>[\/vc_column_text][vc_column_text]Soyez sans crainte, d\u00e9panneur Rapido vous offre l\u2019eau embouteill\u00e9e bien froide et dans plusieurs formats. Qu\u2019elle soit : naturelles, min\u00e9rales, gaz\u00e9ifi\u00e9es ou vitamin\u00e9es, elle vous d\u00e9salt\u00e9ra assur\u00e9ment.[\/vc_column_text][\/vc_column_inner][\/vc_row_inner][vc_row_inner type=&#8221;full_width&#8221; text_align=&#8221;inherit&#8221;][vc_column_inner][vc_column_text]<\/p>\n<h3>Jus<\/h3>\n<p>[\/vc_column_text][vc_column_text]<\/p>\n<h4>Le fruit qui se boit!<\/h4>\n<p>[\/vc_column_text][vc_column_text]Venez d\u00e9couvrir chez d\u00e9panneur Rapido, notre s\u00e9lection de jus de fruits pures (orange, pommes, canneberges\u2026), cocktail de l\u00e9gumes, boissons aux fruits et th\u00e9 glac\u00e9e.[\/vc_column_text][\/vc_column_inner][\/vc_row_inner][\/vc_column][vc_column css=&#8221;.vc_custom_1718812001341{background-image: url(https:\/\/www.depanneurrapido.com\/wp-content\/uploads\/2024\/06\/rapido-breuvages.jpg?id=60541) !important;}&#8221; el_class=&#8221;epicerie-img-col&#8221; offset=&#8221;vc_col-lg-6 vc_col-md-6 vc_hidden-sm vc_hidden-xs&#8221;][\/vc_column][\/vc_row][vc_row equal_height=&#8221;yes&#8221; type=&#8221;full_width&#8221; text_align=&#8221;inherit&#8221; el_class=&#8221;epicerie-row&#8221;][vc_column el_class=&#8221;vc_col-md-push-6 padding-50&#8243; offset=&#8221;vc_col-lg-6 vc_col-md-6&#8243;][vc_column_text]<\/p>\n<h2>Produits d&#8217;\u00e9picerie<\/h2>\n<p>[\/vc_column_text][vc_row_inner type=&#8221;full_width&#8221; text_align=&#8221;inherit&#8221; el_class=&#8221;padding-b-50&#8243;][vc_column_inner][vc_column_text]<\/p>\n<h3>\u00c9picerie<\/h3>\n<p>[\/vc_column_text][vc_column_text]<\/p>\n<h4>Coco, minou, pitou,\u2026 il y a de tout!<\/h4>\n<p>[\/vc_column_text][vc_column_text] Besoin de quelque chose, d\u00e9panneur Rapido est l\u00e0 pour vous. On vous offre : lait, pain, \u0153ufs, nourritures d\u2019animaux, batteries, cartes de souhaits, produits surgel\u00e9s et plusieurs autres.<\/p>\n<p><strong>Chez Rapido, c\u2019est plus qu\u2019un simple d\u00e9panneur!<\/strong>[\/vc_column_text][\/vc_column_inner][\/vc_row_inner][vc_row_inner type=&#8221;full_width&#8221; text_align=&#8221;inherit&#8221;][vc_column_inner][vc_column_text]<\/p>\n<h3>Cr\u00eame glac\u00e9e<\/h3>\n<p>[\/vc_column_text][vc_column_text]<\/p>\n<h4>C\u2019est l\u2019\u00e9t\u00e9 toute l\u2019ann\u00e9e!<\/h4>\n<p>[\/vc_column_text][vc_column_text]Si vous vous sentez plus cr\u00e8me glac\u00e9e, venez-y d\u00e9couvrir notre grande s\u00e9lection offerte en pots ou en formats individuelles. De quoi vous sucrez le bec![\/vc_column_text][\/vc_column_inner][\/vc_row_inner][\/vc_column][vc_column el_class=&#8221;vc_col-sm-pull-6 epicerie-img-col&#8221; css=&#8221;.vc_custom_1718812048376{background-image: url(https:\/\/www.depanneurrapido.com\/wp-content\/uploads\/2024\/06\/rapido-produits-epicerie.jpg?id=60547) !important;}&#8221; offset=&#8221;vc_col-lg-6 vc_col-md-6 vc_hidden-sm vc_hidden-xs&#8221;][\/vc_column][\/vc_row][vc_row equal_height=&#8221;yes&#8221; type=&#8221;full_width&#8221; text_align=&#8221;inherit&#8221; el_class=&#8221;epicerie-row&#8221;][vc_column el_class=&#8221;padding-50&#8243; offset=&#8221;vc_col-lg-6 vc_col-md-6&#8243;][vc_column_text]<\/p>\n<h2>Charcuterie<\/h2>\n<p>[\/vc_column_text][vc_column_text]<\/p>\n<h4>Couic! Couic!<\/h4>\n<p>[\/vc_column_text][vc_column_text]H\u00e9 oui, au d\u00e9panneur Rapido nous avons du fromage St-Albert au meilleur prix en ville. Il est tellement frais qu\u2019il fait couic, couic! Nous en avons pour tous les go\u00fbts : en grains, tranch\u00e9, en bloc, tortillons en passant du doux jusqu\u2019au extra-fort. Vous voulez de la viande froide, elle sera tranch\u00e9e \u00e0 votre go\u00fbt (jambon for\u00eat noire, jambon cuit, dinde, porc, simili poulet, bologne\u2026) Si vous \u00eates press\u00e9, emporter avec vous un de nos sandwichs pr\u00e9par\u00e9s, ou bien, un de nos paquets de viande pr\u00e9par\u00e9 sous-vide.[\/vc_column_text][\/vc_column][vc_column css=&#8221;.vc_custom_1718812075673{background-image: url(https:\/\/www.depanneurrapido.com\/wp-content\/uploads\/2024\/06\/rapido-charcuterie.jpg?id=60549) !important;}&#8221; el_class=&#8221;epicerie-img-col&#8221; offset=&#8221;vc_col-lg-6 vc_col-md-6 vc_hidden-sm vc_hidden-xs&#8221;][\/vc_column][\/vc_row][vc_row equal_height=&#8221;yes&#8221; type=&#8221;full_width&#8221; text_align=&#8221;inherit&#8221; el_class=&#8221;epicerie-row&#8221;][vc_column el_class=&#8221;vc_col-md-push-6 padding-50&#8243; offset=&#8221;vc_col-lg-6 vc_col-md-6&#8243;][vc_column_text]<\/p>\n<h2>Friandises sucr\u00e9es et sal\u00e9es<\/h2>\n<p>[\/vc_column_text][vc_column_text]<\/p>\n<h4>M\u00eame les dentistes les aiment!<\/h4>\n<p>[\/vc_column_text][vc_column_text]Pour toute vos fringales, venez trouvez vos croustilles, bonbons et g\u00e2teries pr\u00e9f\u00e9r\u00e9s dans notre vaste choix des grandes marques.[\/vc_column_text][vc_row_inner type=&#8221;full_width&#8221; text_align=&#8221;inherit&#8221;][vc_column_inner][vc_column_text]<\/p>\n<h3>Slush<\/h3>\n<p>[\/vc_column_text][vc_column_text]<\/p>\n<h4>C\u2019est l\u2019\u00e9t\u00e9 toute l\u2019ann\u00e9e!<\/h4>\n<p>[\/vc_column_text][vc_column_text]Beau temps, mauvais temps, chez d\u00e9panneur Rapido vous serez combl\u00e9 par un produit de chez nous : SLUSH PUPPIE. Offert en diverses saveurs (cerise, framboise, limette, kiwi-fraise, surettes \u2026).[\/vc_column_text][\/vc_column_inner][\/vc_row_inner][\/vc_column][vc_column el_class=&#8221;vc_col-sm-pull-6 epicerie-img-col&#8221; css=&#8221;.vc_custom_1718812102161{background-image: url(https:\/\/www.depanneurrapido.com\/wp-content\/uploads\/2024\/06\/rapido-friandises.jpg?id=60551) !important;}&#8221; offset=&#8221;vc_col-lg-6 vc_col-md-6 vc_hidden-sm vc_hidden-xs&#8221;][\/vc_column][\/vc_row][vc_row equal_height=&#8221;yes&#8221; type=&#8221;full_width&#8221; text_align=&#8221;inherit&#8221; el_class=&#8221;epicerie-row&#8221;][vc_column el_class=&#8221;padding-50&#8243; offset=&#8221;vc_col-lg-6 vc_col-md-6&#8243;][vc_column_text]<\/p>\n<h2>Cartes pr\u00e9pay\u00e9es<\/h2>\n<p>[\/vc_column_text][vc_column_text]<\/p>\n<h4>Parl\u00e9 \u00e0 la carte!<\/h4>\n<p>[\/vc_column_text][vc_column_text]D\u00e9panneur Rapido vous offre toute la gamme des cartes pour recharger vos cellulaires et ce \u00e0 tout les montants disponible sur le march\u00e9. Vous voulez faire un interurbain? Procurez-vous, une des cartes pr\u00e9pay\u00e9es et vous verrez qu\u2019ainsi, \u00e7a co\u00fbte bien moins cher![\/vc_column_text][\/vc_column][vc_column css=&#8221;.vc_custom_1718812136061{background-image: url(https:\/\/www.depanneurrapido.com\/wp-content\/uploads\/2024\/06\/rapido-carte-prepayers.jpg?id=60553) !important;}&#8221; el_class=&#8221;epicerie-img-col&#8221; offset=&#8221;vc_col-lg-6 vc_col-md-6 vc_hidden-sm vc_hidden-xs&#8221;][\/vc_column][\/vc_row][vc_row equal_height=&#8221;yes&#8221; type=&#8221;full_width&#8221; text_align=&#8221;inherit&#8221; el_class=&#8221;epicerie-row&#8221;][vc_column el_class=&#8221;vc_col-md-push-6 padding-50&#8243; offset=&#8221;vc_col-lg-6 vc_col-md-6&#8243;][vc_column_text]<\/p>\n<h2>Cigarettes et produits de tabac<\/h2>\n<p>[\/vc_column_text][vc_column_text]<\/p>\n<h4>Ils sont cach\u00e9s\u2026 juste en face de vous!<\/h4>\n<p>[\/vc_column_text][vc_column_text]D\u00fb \u00e0 la nouvelle loi sur le tabac apparu en 2008, on doit dissimuler les produits de tabac. Cependant, cela ne nous emp\u00eache pas d\u2019offrir toute la gamme des cigarettes et tabacs au meilleur prix sur le march\u00e9.[\/vc_column_text][\/vc_column][vc_column el_class=&#8221;vc_col-sm-pull-6 epicerie-img-col&#8221; css=&#8221;.vc_custom_1718812161460{background-image: url(https:\/\/www.depanneurrapido.com\/wp-content\/uploads\/2024\/06\/rapido-tabac.jpg?id=60555) !important;}&#8221; offset=&#8221;vc_col-lg-6 vc_col-md-6 vc_hidden-sm vc_hidden-xs&#8221;][\/vc_column][\/vc_row][vc_row equal_height=&#8221;yes&#8221; type=&#8221;full_width&#8221; text_align=&#8221;inherit&#8221; el_class=&#8221;epicerie-row&#8221;][vc_column el_class=&#8221;padding-50&#8243; offset=&#8221;vc_col-lg-6 vc_col-md-6&#8243;][vc_column_text]<\/p>\n<h2>Loterie<\/h2>\n<p>[\/vc_column_text][vc_column_text]<\/p>\n<h4>\u00c0 qui la chance!<\/h4>\n<p>[\/vc_column_text][vc_column_text] Chez D\u00e9panneur Rapido, vous pouvez vous procurez vos billets chanceux : que se soit pour les tirages r\u00e9guliers ou vos instantan\u00e9es (gratteux). De plus, des billets de groupe sont disponibles en tout temps.<\/p>\n<p><strong>Jouez avec plaisir, c\u2019est jouer avec mod\u00e9ration!<\/strong>[\/vc_column_text][\/vc_column][vc_column css=&#8221;.vc_custom_1718812202436{background-image: url(https:\/\/www.depanneurrapido.com\/wp-content\/uploads\/2024\/06\/rapido-loterie.jpg?id=60557) !important;}&#8221; el_class=&#8221;epicerie-img-col&#8221; offset=&#8221;vc_col-lg-6 vc_col-md-6 vc_hidden-sm vc_hidden-xs&#8221;][\/vc_column][\/vc_row]<\/p>\n<\/div>","protected":false},"excerpt":{"rendered":"<p>[vc_row equal_height=&#8221;yes&#8221; type=&#8221;full_width&#8221; text_align=&#8221;inherit&#8221; el_class=&#8221;epicerie-row&#8221;][vc_column el_class=&#8221;vc_col-md-push-6 padding-50&#8243; offset=&#8221;vc_col-lg-6 vc_col-md-6&#8243;][vc_column_text] Produits alcoolis\u00e9es [\/vc_column_text][vc_row_inner type=&#8221;full_width&#8221; text_align=&#8221;inherit&#8221; el_class=&#8221;padding-b-50&#8243;][vc_column_inner][vc_column_text] Bi\u00e8res [\/vc_column_text][vc_column_text] Osez la blonde! La rousse! La brune!&#8230; Bref, celle que vous pr\u00e9f\u00e9r\u00e9! [\/vc_column_text][vc_column_text]Chez D\u00e9panneur Rapido, vous y trouvez plus de 500 sortes de bi\u00e8res. Des plus populaires au plus sp\u00e9cialis\u00e9es en passant des microbrasseries qu\u00e9b\u00e9coises aux import\u00e9es. Tout [&hellip;]<\/p>\n","protected":false},"author":1,"featured_media":0,"parent":0,"menu_order":0,"comment_status":"closed","ping_status":"closed","template":"","meta":{"_acf_changed":false,"_seopress_robots_primary_cat":"","_seopress_titles_title":"","_seopress_titles_desc":"","_seopress_robots_index":"","footnotes":""},"class_list":["post-53348","page","type-page","status-publish","hentry"],"acf":[],"_links":{"self":[{"href":"https:\/\/www.depanneurrapido.com\/en\/wp-json\/wp\/v2\/pages\/53348","targetHints":{"allow":["GET"]}}],"collection":[{"href":"https:\/\/www.depanneurrapido.com\/en\/wp-json\/wp\/v2\/pages"}],"about":[{"href":"https:\/\/www.depanneurrapido.com\/en\/wp-json\/wp\/v2\/types\/page"}],"author":[{"embeddable":true,"href":"https:\/\/www.depanneurrapido.com\/en\/wp-json\/wp\/v2\/users\/1"}],"replies":[{"embeddable":true,"href":"https:\/\/www.depanneurrapido.com\/en\/wp-json\/wp\/v2\/comments?post=53348"}],"version-history":[{"count":0,"href":"https:\/\/www.depanneurrapido.com\/en\/wp-json\/wp\/v2\/pages\/53348\/revisions"}],"wp:attachment":[{"href":"https:\/\/www.depanneurrapido.com\/en\/wp-json\/wp\/v2\/media?parent=53348"}],"curies":[{"name":"wp","href":"https:\/\/api.w.org\/{rel}","templated":true}]}}